{"id":21328,"date":"2016-03-22T17:24:09","date_gmt":"2016-03-22T16:24:09","guid":{"rendered":"https:\/\/felina-de.vserver.zonevs.eu\/impressum\/"},"modified":"2025-03-07T12:35:08","modified_gmt":"2025-03-07T11:35:08","slug":"imprint","status":"publish","type":"page","link":"https:\/\/felina.de\/hu\/imprint\/","title":{"rendered":"Legal Notice"},"content":{"rendered":"<div>\n<div class=\"\">\n<div class=\"WordSection1\">\n<div class=\"\" style=\"text-align: left;\"><strong><span class=\"\" lang=\"HU\">A tartalom\u00e9rt \u00e9s a szerkeszt\u00e9s\u00e9rt felel\u0151s:<\/span><\/strong><\/div>\n<\/div>\n<\/div>\n<\/div>\n<p>Felina GmbH<br \/>\nDudenstr. 6<br \/>\nD-68167 Mannheim<\/p>\n<p>Telefon: +49 (0)621 \/ 385-0<\/p>\n<p><a href=\"mailto:info@\/\/felina.de\">info@felina.de<\/a><br \/>\n<a href=\"https:\/\/felina.de\">www.felina.de<\/a><\/p>\n<p>\u00dcgyvezet\u0151 igazgat\u00f3: Indrek Rahumaa<strong>, <\/strong>Neeme J\u00f5gi<br \/>\nC\u00e9gb\u00edr\u00f3s\u00e1g: Mannheim Nr. HRB 75<br \/>\nAd\u00f3sz\u00e1m: DE 143869444<\/p>\n<p>A n\u00e9met jog az ir\u00e1nyad\u00f3.<\/p>\n<p>&nbsp;<\/p>\n","protected":false},"excerpt":{"rendered":"<p>A tartalom\u00e9rt \u00e9s a szerkeszt\u00e9s\u00e9rt felel\u0151s: Felina GmbH Dudenstr. 6 D-68167 Mannheim Telefon: +49 (0)621 \/ 385-0 info@felina.de www.felina.de \u00dcgyvezet\u0151 igazgat\u00f3: Indrek Rahumaa, Neeme J\u00f5gi C\u00e9gb\u00edr\u00f3s\u00e1g: Mannheim Nr. HRB 75 Ad\u00f3sz\u00e1m: DE 143869444 A n\u00e9met jog az ir\u00e1nyad\u00f3. &nbsp;<\/p>\n","protected":false},"author":10,"featured_media":0,"parent":0,"menu_order":0,"comment_status":"closed","ping_status":"closed","template":"","meta":{"footnotes":""},"acf":[],"_links":{"self":[{"href":"https:\/\/felina.de\/hu\/wp-json\/wp\/v2\/pages\/21328"}],"collection":[{"href":"https:\/\/felina.de\/hu\/wp-json\/wp\/v2\/pages"}],"about":[{"href":"https:\/\/felina.de\/hu\/wp-json\/wp\/v2\/types\/page"}],"author":[{"embeddable":true,"href":"https:\/\/felina.de\/hu\/wp-json\/wp\/v2\/users\/10"}],"replies":[{"embeddable":true,"href":"https:\/\/felina.de\/hu\/wp-json\/wp\/v2\/comments?post=21328"}],"version-history":[{"count":10,"href":"https:\/\/felina.de\/hu\/wp-json\/wp\/v2\/pages\/21328\/revisions"}],"predecessor-version":[{"id":36780,"href":"https:\/\/felina.de\/hu\/wp-json\/wp\/v2\/pages\/21328\/revisions\/36780"}],"wp:attachment":[{"href":"https:\/\/felina.de\/hu\/wp-json\/wp\/v2\/media?parent=21328"}],"curies":[{"name":"wp","href":"https:\/\/api.w.org\/{rel}","templated":true}]}}