{"id":21203,"date":"2016-04-01T12:11:04","date_gmt":"2016-04-01T10:11:04","guid":{"rendered":"https:\/\/felina-de.vserver.zonevs.eu\/404-2\/"},"modified":"2018-10-01T16:01:58","modified_gmt":"2018-10-01T14:01:58","slug":"404-2","status":"publish","type":"page","link":"https:\/\/felina.de\/hu\/404-2\/","title":{"rendered":"404"},"content":{"rendered":"<h2 style=\"text-align: center;\"><strong>&#8220;\u00dcdv\u00f6z\u00f6lj\u00fck az \u00faj FELINA-Weboldalon!<br \/>\n<\/strong><\/h2>\n<p style=\"text-align: center;\">Sajnos nem tal\u00e1ljuk az \u00d6n \u00e1ltal keresett tartalmat.&#8221;<\/p>\n","protected":false},"excerpt":{"rendered":"<p>&#8220;\u00dcdv\u00f6z\u00f6lj\u00fck az \u00faj FELINA-Weboldalon! Sajnos nem tal\u00e1ljuk az \u00d6n \u00e1ltal keresett tartalmat.&#8221;<\/p>\n","protected":false},"author":10,"featured_media":0,"parent":0,"menu_order":0,"comment_status":"closed","ping_status":"closed","template":"page-404.php","meta":{"footnotes":""},"acf":[],"_links":{"self":[{"href":"https:\/\/felina.de\/hu\/wp-json\/wp\/v2\/pages\/21203"}],"collection":[{"href":"https:\/\/felina.de\/hu\/wp-json\/wp\/v2\/pages"}],"about":[{"href":"https:\/\/felina.de\/hu\/wp-json\/wp\/v2\/types\/page"}],"author":[{"embeddable":true,"href":"https:\/\/felina.de\/hu\/wp-json\/wp\/v2\/users\/10"}],"replies":[{"embeddable":true,"href":"https:\/\/felina.de\/hu\/wp-json\/wp\/v2\/comments?post=21203"}],"version-history":[{"count":2,"href":"https:\/\/felina.de\/hu\/wp-json\/wp\/v2\/pages\/21203\/revisions"}],"predecessor-version":[{"id":21262,"href":"https:\/\/felina.de\/hu\/wp-json\/wp\/v2\/pages\/21203\/revisions\/21262"}],"wp:attachment":[{"href":"https:\/\/felina.de\/hu\/wp-json\/wp\/v2\/media?parent=21203"}],"curies":[{"name":"wp","href":"https:\/\/api.w.org\/{rel}","templated":true}]}}