{"id":9089,"date":"2016-04-01T12:11:04","date_gmt":"2016-04-01T10:11:04","guid":{"rendered":"https:\/\/felina-de.vserver.zonevs.eu\/404-2\/"},"modified":"2017-06-07T11:15:19","modified_gmt":"2017-06-07T09:15:19","slug":"404-2","status":"publish","type":"page","link":"https:\/\/felina.de\/cs\/404-2\/","title":{"rendered":"404"},"content":{"rendered":"<h2 style=\"text-align: center;\"><strong>V\u00edt\u00e1me V\u00e1s na nov\u00e9 webov\u00e9 str\u00e1nce spole\u010dnosti FELINA!<\/strong><\/h2>\n","protected":false},"excerpt":{"rendered":"<p>V\u00edt\u00e1me V\u00e1s na nov\u00e9 webov\u00e9 str\u00e1nce spole\u010dnosti FELINA!<\/p>\n","protected":false},"author":10,"featured_media":0,"parent":0,"menu_order":0,"comment_status":"closed","ping_status":"closed","template":"page-404.php","meta":{"footnotes":""},"acf":[],"_links":{"self":[{"href":"https:\/\/felina.de\/cs\/wp-json\/wp\/v2\/pages\/9089"}],"collection":[{"href":"https:\/\/felina.de\/cs\/wp-json\/wp\/v2\/pages"}],"about":[{"href":"https:\/\/felina.de\/cs\/wp-json\/wp\/v2\/types\/page"}],"author":[{"embeddable":true,"href":"https:\/\/felina.de\/cs\/wp-json\/wp\/v2\/users\/10"}],"replies":[{"embeddable":true,"href":"https:\/\/felina.de\/cs\/wp-json\/wp\/v2\/comments?post=9089"}],"version-history":[{"count":2,"href":"https:\/\/felina.de\/cs\/wp-json\/wp\/v2\/pages\/9089\/revisions"}],"predecessor-version":[{"id":9091,"href":"https:\/\/felina.de\/cs\/wp-json\/wp\/v2\/pages\/9089\/revisions\/9091"}],"wp:attachment":[{"href":"https:\/\/felina.de\/cs\/wp-json\/wp\/v2\/media?parent=9089"}],"curies":[{"name":"wp","href":"https:\/\/api.w.org\/{rel}","templated":true}]}}