{"id":25309,"date":"2019-01-21T15:58:00","date_gmt":"2019-01-21T14:58:00","guid":{"rendered":"https:\/\/felina-de.vserver.zonevs.eu\/swimwear-uebersicht\/"},"modified":"2019-01-23T11:50:39","modified_gmt":"2019-01-23T10:50:39","slug":"swimwear-uebersicht","status":"publish","type":"page","link":"https:\/\/felina.de\/cs\/swimwear-uebersicht\/","title":{"rendered":"Swimwear"},"content":{"rendered":"\n\t\t\t<!-- START Swimwear \u00dcbersicht_TSCH REVOLUTION SLIDER 6.4.11 --><p class=\"rs-p-wp-fix\"><\/p>\n\t\t\t<rs-module-wrap id=\"rev_slider_50_1_wrapper\" data-source=\"gallery\" style=\"background:transparent;padding:0;margin:0px auto;margin-top:0;margin-bottom:0;\">\n\t\t\t\t<rs-module id=\"rev_slider_50_1\" style=\"\" data-version=\"6.4.11\">\n\t\t\t\t\t<rs-slides>\n\t\t\t\t\t\t<rs-slide data-key=\"rs-329\" data-title=\"Slide\" data-anim=\"ms:600;\" data-in=\"o:0;\" data-out=\"a:false;\">\n\t\t\t\t\t\t\t<img src=\"\/\/felina.de\/wp-content\/plugins\/revslider\/public\/assets\/assets\/dummy.png\" title=\"Swimwear\" class=\"rev-slidebg tp-rs-img rs-lazyload\" data-lazyload=\"\/\/felina.de\/wp-content\/uploads\/2020\/11\/swimwear_header-Kopie-1.jpg\" data-parallax=\"off\" data-no-retina>\n<!--\n\t\t\t\t\t\t\t--><rs-layer\n\t\t\t\t\t\t\t\tid=\"slider-50-slide-329-layer-1\" \n\t\t\t\t\t\t\t\tdata-type=\"text\"\n\t\t\t\t\t\t\t\tdata-color=\"#000000||rgba(255, 255, 255, 1)||rgba(255, 255, 255, 1)||rgba(255, 255, 255, 1)\"\n\t\t\t\t\t\t\t\tdata-rsp_ch=\"on\"\n\t\t\t\t\t\t\t\tdata-xy=\"x:c;xo:-287px,281px,211px,139px;y:m;yo:-190px,-161px,-129px,-108px;\"\n\t\t\t\t\t\t\t\tdata-text=\"s:40,36,26,20;l:44,40,30,22;a:center;\"\n\t\t\t\t\t\t\t\tdata-frame_0=\"tp:600;\"\n\t\t\t\t\t\t\t\tdata-frame_1=\"tp:600;e:power2.inOut;st:500;sR:500;\"\n\t\t\t\t\t\t\t\tdata-frame_999=\"o:0;tp:600;e:nothing;st:w;sR:8200;\"\n\t\t\t\t\t\t\t\tstyle=\"z-index:5;\"\n\t\t\t\t\t\t\t>Letn\u00ed n\u00e1lada s garanc\u00ed<br>perfektn\u00edho st\u0159ihu \n\t\t\t\t\t\t\t<\/rs-layer><!--\n-->\t\t\t\t\t\t<\/rs-slide>\n\t\t\t\t\t<\/rs-slides>\n\t\t\t\t<\/rs-module>\n\t\t\t\t<script type=\"text\/javascript\">\n\t\t\t\t\tsetREVStartSize({c: 'rev_slider_50_1',rl:[1240,1024,778,480],el:[],gw:[1240,1024,778,480],gh:[600,500,400,300],type:'hero',justify:'',layout:'fullwidth',mh:\"0\"});\n\t\t\t\t\tvar\trevapi50,\n\t\t\t\t\t\ttpj;\n\t\t\t\t\tfunction revinit_revslider501() {\n\t\t\t\t\tjQuery(function() {\n\t\t\t\t\t\ttpj = jQuery;\n\t\t\t\t\t\trevapi50 = tpj(\"#rev_slider_50_1\");\n\t\t\t\t\t\tif(revapi50==undefined || revapi50.revolution == undefined){\n\t\t\t\t\t\t\trevslider_showDoubleJqueryError(\"rev_slider_50_1\");\n\t\t\t\t\t\t}else{\n\t\t\t\t\t\t\trevapi50.revolution({\n\t\t\t\t\t\t\t\tsliderType:\"hero\",\n\t\t\t\t\t\t\t\tsliderLayout:\"fullwidth\",\n\t\t\t\t\t\t\t\tvisibilityLevels:\"1240,1024,778,480\",\n\t\t\t\t\t\t\t\tgridwidth:\"1240,1024,778,480\",\n\t\t\t\t\t\t\t\tgridheight:\"600,500,400,300\",\n\t\t\t\t\t\t\t\tlazyType:\"smart\",\n\t\t\t\t\t\t\t\tperspectiveType:\"local\",\n\t\t\t\t\t\t\t\tresponsiveLevels:\"1240,1024,778,480\",\n\t\t\t\t\t\t\t\tprogressBar:{disableProgressBar:true},\n\t\t\t\t\t\t\t\tnavigation: {\n\t\t\t\t\t\t\t\t\tonHoverStop:false\n\t\t\t\t\t\t\t\t},\n\t\t\t\t\t\t\t\tparallax: {\n\t\t\t\t\t\t\t\t\tlevels:[2,3,4,5,6,7,12,16,10,50,47,48,49,50,51,55],\n\t\t\t\t\t\t\t\t\ttype:\"mouse\",\n\t\t\t\t\t\t\t\t\torigo:\"slidercenter\",\n\t\t\t\t\t\t\t\t\tspeed:2000\n\t\t\t\t\t\t\t\t},\n\t\t\t\t\t\t\t\tfallbacks: {\n\t\t\t\t\t\t\t\t\tallowHTML5AutoPlayOnAndroid:true\n\t\t\t\t\t\t\t\t},\n\t\t\t\t\t\t\t});\n\t\t\t\t\t\t}\n\t\t\t\t\t\t\n\t\t\t\t\t});\n\t\t\t\t\t} \/\/ End of RevInitScript\n\t\t\t\tvar once_revslider501 = false;\n\t\t\t\tif (document.readyState === \"loading\") {document.addEventListener('readystatechange',function() { if((document.readyState === \"interactive\" || document.readyState === \"complete\") && !once_revslider501 ) { once_revslider501 = true; revinit_revslider501();}});} else {once_revslider501 = true; revinit_revslider501();}\n\t\t\t\t<\/script>\n\t\t\t<\/rs-module-wrap>\n\t\t\t<!-- END REVOLUTION SLIDER -->\n\n","protected":false},"excerpt":{"rendered":"","protected":false},"author":10,"featured_media":0,"parent":0,"menu_order":0,"comment_status":"closed","ping_status":"closed","template":"page-swimwear.php","meta":{"footnotes":""},"acf":[],"_links":{"self":[{"href":"https:\/\/felina.de\/cs\/wp-json\/wp\/v2\/pages\/25309"}],"collection":[{"href":"https:\/\/felina.de\/cs\/wp-json\/wp\/v2\/pages"}],"about":[{"href":"https:\/\/felina.de\/cs\/wp-json\/wp\/v2\/types\/page"}],"author":[{"embeddable":true,"href":"https:\/\/felina.de\/cs\/wp-json\/wp\/v2\/users\/10"}],"replies":[{"embeddable":true,"href":"https:\/\/felina.de\/cs\/wp-json\/wp\/v2\/comments?post=25309"}],"version-history":[{"count":3,"href":"https:\/\/felina.de\/cs\/wp-json\/wp\/v2\/pages\/25309\/revisions"}],"predecessor-version":[{"id":25440,"href":"https:\/\/felina.de\/cs\/wp-json\/wp\/v2\/pages\/25309\/revisions\/25440"}],"wp:attachment":[{"href":"https:\/\/felina.de\/cs\/wp-json\/wp\/v2\/media?parent=25309"}],"curies":[{"name":"wp","href":"https:\/\/api.w.org\/{rel}","templated":true}]}}